{"id":851,"date":"2020-08-26T13:18:07","date_gmt":"2020-08-26T13:18:07","guid":{"rendered":"http:\/\/musicdirectory.ch\/impressum-e-contenuti\/"},"modified":"2026-05-04T15:53:39","modified_gmt":"2026-05-04T13:53:39","slug":"impressum","status":"publish","type":"page","link":"https:\/\/musicdirectory.ch\/it\/impressum\/","title":{"rendered":"Impressum &#038; protezione dei dati"},"content":{"rendered":"\n<h2 class=\"wp-block-heading\" id=\"h-impressum\">Impressum<\/h2>\n\n\n\n<h3 class=\"wp-block-heading\" id=\"h-konzept-entwicklung\">Concetto &amp; sviluppo<\/h3>\n\n\n\n<p><a href=\"https:\/\/ninaregli.com\/\">Nina Regli<\/a>, <a rel=\"noreferrer noopener\" href=\"https:\/\/www.helvetiarockt.ch\" target=\"_blank\">Helvetiarockt<\/a><\/p>\n\n\n\n<h3 class=\"wp-block-heading\" id=\"h-design\">Design<\/h3>\n\n\n\n<p><a rel=\"noreferrer noopener\" href=\"https:\/\/www.moanabischof.com\" target=\"_blank\">Moana Bischof<\/a>, <a rel=\"noreferrer noopener\" href=\"http:\/\/juliaweiss.ch\" target=\"_blank\">Julia Weiss<\/a>, <a href=\"https:\/\/ninaregli.com\/\">Nina Regli<\/a>, <a rel=\"noreferrer noopener\" href=\"https:\/\/www.helvetiarockt.ch\" target=\"_blank\">Helvetiarockt<\/a><\/p>\n\n\n\n<h3 class=\"wp-block-heading\" id=\"h-bersetzungen\">Traduzioni<\/h3>\n\n\n\n<p>Yolanda Gonzalez, Simone De Lorenzi, Valerie Koloszar<\/p>\n\n\n\n<h2 class=\"wp-block-heading\" id=\"h-inhalte\">Contenuti<\/h2>\n\n\n\n<h3 class=\"wp-block-heading\" id=\"h-allgemein\">Generale<\/h3>\n\n\n\n<p>I contenuti di questa pagina provengono da <a href=\"https:\/\/helvetiarockt.ch\/it\/\" target=\"_blank\" rel=\"noopener\">Helvetiarockt<\/a>. L\u2019utilizzo \u00e8 benvenuto, con indicazione della fonte e link di riferimento \u2013 grazie.<\/p>\n\n\n\n<h3 class=\"wp-block-heading\" id=\"h-profile\">Profili<\/h3>\n\n\n\n<p>I contenuti dei profili (persone e progetti) e i link a terzi esterni provengono dalle utenti registrate\u00b7x. Non ci assumiamo alcuna responsabilit\u00e0 per quanto riguarda la correttezza e l\u2019attualit\u00e0 dei dati forniti dalle utenti registrate x e non possiamo garantire che i contenuti rispettino i diritti d\u2019autore.<\/p>\n\n\n\n<h3 class=\"wp-block-heading\" id=\"h-verst-sse\">Contenuti non conformi<\/h3>\n\n\n\n<p>I profili sono sottoposti a controlli periodici cos\u00ec da garantire che i testi e le immagini in essi contenuti non violino il diritto svizzero e non contengano alcuna forma di violenza o di discriminazione. In caso contrario, ci riserviamo il diritto di cancellare il profilo immediatamente. Tuttavia, non garantiamo un controllo continuo del contenuto dei profili in assenza di indicazioni concrete.<\/p>\n\n\n\n<h3 class=\"wp-block-heading\" id=\"linee-guida-della-community\"><strong>Linee guida della community<\/strong><\/h3>\n\n\n\n<p>La nostra piattaforma si basa su <strong>rispetto, inclusivit\u00e0 e sicurezza<\/strong>:<br>Non sono ammessi <strong>discorsi d\u2019odio, bullismo o molestie<\/strong> di alcun tipo. <strong>La nudit\u00e0<\/strong> non \u00e8 consentita. <strong>musicdirectory.ch<\/strong> \u00e8 rivolto principalmente a persone <strong>FINTA<\/strong>, ma nella <strong>bacheca della community<\/strong> <strong>tutt\u01dd<\/strong> (indipendentemente dal genere) possono pubblicare post <strong>purch\u00e9 gli argomenti siano legati alla musica<\/strong>. Evitate <strong>spam, contenuti illegali o attacchi personali<\/strong> e mantenete le discussioni <strong>costruttive e rispettose<\/strong>. Il <strong>consenso all\u2019uso dei dati<\/strong> \u00e8 <strong>obbligatorio<\/strong> \u2013 rispettate la privacy altrui. <strong>Segnalate le violazioni<\/strong> a: <a href=\"m&#97;&#105;&#x6c;&#x74;o&#58;&#97;&#x64;&#x6d;&#x69;n&#64;&#109;&#x75;&#x73;ic&#100;&#x69;&#x72;&#x65;c&#116;&#111;&#x72;&#x79;&#46;c&#104;\" target=\"_blank\" rel=\"nofollow noopener noreferrer external\">&#x61;&#x64;&#x6d;&#105;&#110;&#64;mu&#x73;&#x69;&#x63;&#x64;&#105;&#114;ec&#x74;&#x6f;&#x72;&#x79;&#46;&#99;h<\/a>. In caso di violazioni, i contenuti possono essere <strong>rimossi o gli account sospesi<\/strong>.<br><strong>Costruiamo insieme una community solidale e empoderante!<\/strong><\/p>\n\n\n\n<h2 class=\"wp-block-heading\" id=\"h-datenschutz\">Politica in materia di protezione dei dati<\/h2>\n\n\n\n<h3 class=\"wp-block-heading\" id=\"h-allgemein-1\">Generale<\/h3>\n\n\n\n<p><p data-start=\"0\" data-end=\"199\"><a href=\"https:\/\/helvetiarockt.ch\/it\/\" target=\"_blank\" rel=\"noopener\">Helvetiarockt<\/a> garantisce che i dati personali non vengono mai trasmessi a terzi, salvo nei casi previsti dalla legge o quando ci\u00f2 \u00e8 necessario per lo scopo a cui \u00e8 stato dato consenso (vedi sotto).<\/p><br\/><p data-start=\"201\" data-end=\"465\">Tutti i dati raccolti tramite moduli di registrazione, pagamenti ecc. vengono archiviati in un database interno con server situato in Svizzera. \u00c8 possibile in qualsiasi momento consultare quali dati sono conservati presso Helvetiarockt e come vengono utilizzati.<\/p><br\/><p data-start=\"467\" data-end=\"742\">\u00c8 garantito il diritto alla cancellazione di tutti i dati personali memorizzati. Fanno eccezione i dati che devono essere conservati per obbligo legale, ad esempio i documenti di pagamento, che devono essere archiviati per 10 anni secondo il Codice delle obbligazioni (CO).<\/p><br\/><p data-start=\"744\" data-end=\"978\" data-is-last-node=\"\" data-is-only-node=\"\">Per tenere informate le persone interessate e comunicare con loro, <a href=\"https:\/\/helvetiarockt.ch\/it\/\" target=\"_blank\" rel=\"noopener\">Helvetiarockt<\/a> utilizza diversi canali, tra cui posta tradizionale (ad esempio un invio annuale a tutti gli indirizzi registrati), e-mail, messaggi WhatsApp e telefono.<\/p><\/p>\n\n\n\n<h3 class=\"wp-block-heading\" id=\"h-social-media-plugins\">Plugin dei social media<\/h3>\n\n\n\n<p>Il nostro sito utilizza plugin social per diverse piattaforme di social media (p.es. il feed Instagram). Se consulti il nostro sito mentre sei connesso a una piattaforma social, il gestore della stessa pu\u00f2 raccogliere informazioni su come navighi in Internet. Se non vuoi usare la piattaforma social, ti consigliamo quindi di effettuare il logout dalla stessa prima di visitare il nostro sito.<\/p>\n\n\n\n<h3 class=\"wp-block-heading\" id=\"h-social-media-sharing-buttons\">Pulsante di condivisione dei social network<\/h3>\n\n\n\n<p>Contrariamente al pulsante di condivisione presente sui social network, le cui informazioni sono ritrasmesse all\u2019operatore gi\u00e0 al momento del cambiamento di pagina, noi inseriamo un tasto Mi piace\/Tweet. I dati di chi visita il sito non saranno inviati ai social network senza previa autorizzazione. Solo al momento dell\u2019attivazione del pulsante corrispondente da parte dell\u2019utente (dove nessuna \u00abcondivisione\u00bb \u00e8 direttamente associata al social network), quest&#8217;ultimo approva la comunicazione con Facebook, Google+ e Twitter.<\/p>\n\n\n\n<h3 class=\"wp-block-heading\" id=\"h-google-analytics-erkl-rung\">Dichiarazione per Google Analytics<\/h3>\n\n\n\n<p>\u00abQuesto sito utilizza Google Analytics, lo strumento di analisi web fornito da Google Inc. (Google). Google Analytics utilizza i cosiddetti \u00abcookie\u00bb, ovvero piccoli file di testo salvati automaticamente sul vostro dispositivo per consentire di analizzare l\u2019utilizzo del sito da parte degli utenti. Le informazioni generate dai cookie sull\u2019utilizzo del sito web (incluso il vostro indirizzo IP) sono trasmesse e memorizzate su un server di Google negli USA. Google utilizzer\u00e0 queste informazioni per valutare l\u2019utilizzo del sito web, compilare report sulle attivit\u00e0 del sito web per gli operatori del sito e fornire altri servizi connessi all\u2019uso di Internet. Google pu\u00f2 trasmettere questi dati a terzi ove richiesto dalla legge o laddove terzi trattino le suddette informazioni per conto di Google. Google non assocer\u00e0 il vostro indirizzo IP a nessun altro dato posseduto da Google. Potete rifiutarvi di usare i cookie selezionando l\u2019impostazione appropriata sul vostro browser; tuttavia, in tal caso potreste non essere in grado di utilizzare tutte le funzionalit\u00e0 di questo sito web. Utilizzando il presente sito acconsentite al trattamento dei vostri dati da parte di Google nel modo succitato e per gli scopi di cui sopra.\u00bb<\/p>\n\n\n\n<div style=\"height:100px\" aria-hidden=\"true\" class=\"wp-block-spacer\"><\/div>\n","protected":false},"excerpt":{"rendered":"<p>Impressum Concetto &amp; sviluppo Nina Regli, Helvetiarockt Design Moana Bischof, Julia Weiss, Nina Regli, Helvetiarockt Traduzioni Yolanda Gonzalez, Simone De Lorenzi, Valerie Koloszar Contenuti Generale I contenuti di questa pagina provengono da Helvetiarockt. L\u2019utilizzo \u00e8 benvenuto, con indicazione della fonte e link di riferimento \u2013 grazie. Profili I contenuti dei profili (persone e progetti) e [&hellip;]<\/p>\n","protected":false},"author":6,"featured_media":0,"parent":0,"menu_order":0,"comment_status":"closed","ping_status":"closed","template":"","meta":{"_acf_changed":false,"_relevanssi_hide_post":"","_relevanssi_hide_content":"","_relevanssi_pin_for_all":"","_relevanssi_pin_keywords":"","_relevanssi_unpin_keywords":"","_relevanssi_related_keywords":"","_relevanssi_related_include_ids":"","_relevanssi_related_exclude_ids":"","_relevanssi_related_no_append":"","_relevanssi_related_not_related":"","_relevanssi_related_posts":"4555,6312,2310,4000,6003,4935","_relevanssi_noindex_reason":"","footnotes":""},"class_list":["post-851","page","type-page","status-publish","hentry"],"acf":[],"distributor_meta":false,"distributor_terms":false,"distributor_media":false,"distributor_original_site_name":"musicdirectory.ch","distributor_original_site_url":"https:\/\/musicdirectory.ch\/it\/","push-errors":false,"_links":{"self":[{"href":"https:\/\/musicdirectory.ch\/it\/wp-json\/wp\/v2\/pages\/851","targetHints":{"allow":["GET"]}}],"collection":[{"href":"https:\/\/musicdirectory.ch\/it\/wp-json\/wp\/v2\/pages"}],"about":[{"href":"https:\/\/musicdirectory.ch\/it\/wp-json\/wp\/v2\/types\/page"}],"author":[{"embeddable":true,"href":"https:\/\/musicdirectory.ch\/it\/wp-json\/wp\/v2\/users\/6"}],"replies":[{"embeddable":true,"href":"https:\/\/musicdirectory.ch\/it\/wp-json\/wp\/v2\/comments?post=851"}],"version-history":[{"count":4,"href":"https:\/\/musicdirectory.ch\/it\/wp-json\/wp\/v2\/pages\/851\/revisions"}],"predecessor-version":[{"id":28467,"href":"https:\/\/musicdirectory.ch\/it\/wp-json\/wp\/v2\/pages\/851\/revisions\/28467"}],"wp:attachment":[{"href":"https:\/\/musicdirectory.ch\/it\/wp-json\/wp\/v2\/media?parent=851"}],"curies":[{"name":"wp","href":"https:\/\/api.w.org\/{rel}","templated":true}]}}