{"id":828,"date":"2020-08-26T09:04:53","date_gmt":"2020-08-26T09:04:53","guid":{"rendered":"http:\/\/musicdirectory.ch\/impressum-et-contenus\/"},"modified":"2023-10-31T11:06:33","modified_gmt":"2023-10-31T10:06:33","slug":"impressum","status":"publish","type":"page","link":"https:\/\/musicdirectory.ch\/fr\/impressum\/","title":{"rendered":"Impressum &#038; protection des donn\u00e9es"},"content":{"rendered":"\n<h2 class=\"wp-block-heading\" id=\"h-impressum\">Impressum<\/h2>\n\n\n\n<h3 class=\"wp-block-heading\" id=\"h-concept-developpement\">Concept &amp; d\u00e9veloppement<\/h3>\n\n\n\n<p><a href=\"https:\/\/ninaregli.com\/\">Nina Regli<\/a>,&nbsp;<a href=\"https:\/\/www.helvetiarockt.ch\/\" target=\"_blank\" rel=\"noreferrer noopener\">Helvetiarockt<\/a><\/p>\n\n\n\n<h3 class=\"wp-block-heading\" id=\"h-design\">Design<\/h3>\n\n\n\n<p><a rel=\"noreferrer noopener\" href=\"https:\/\/www.moanabischof.com\" target=\"_blank\">Moana Bischof<\/a>, <a rel=\"noreferrer noopener\" href=\"http:\/\/juliaweiss.ch\" target=\"_blank\">Julia Weiss<\/a>, <a href=\"https:\/\/ninaregli.com\/\">Nina Regli<\/a>, <a rel=\"noreferrer noopener\" href=\"https:\/\/www.helvetiarockt.ch\" target=\"_blank\">Helvetiarockt<\/a><\/p>\n\n\n\n<h3 class=\"wp-block-heading\" id=\"h-traductions\">Traductions<\/h3>\n\n\n\n<p>Yolanda Gonzalez, Simone De Lorenzi, Valerie Koloszar<\/p>\n\n\n\n<h2 class=\"wp-block-heading\" id=\"h-contenus\">Contenus<\/h2>\n\n\n\n<h3 class=\"wp-block-heading\" id=\"h-general\">G\u00e9n\u00e9ral<\/h3>\n\n\n\n<p>Tous les contenus publi\u00e9s sur ce site proviennent de Helvetiarockt. Nous nous r\u00e9jouissons de tout partage et de toute utilisation de nos contenus. Merci d\u2019indiquer la source et d\u2019ins\u00e9rer un lien vers notre site.<\/p>\n\n\n\n<h3 class=\"wp-block-heading\" id=\"h-profils\">Profils<\/h3>\n\n\n\n<p>Les contenus des profils (personnes et projets) et les liens vers des tiers externes proviennent des utilisatrices\u00b7x enregistr\u00e9es. Nous n\u2019assumons aucune responsabilit\u00e9 quant \u00e0 l\u2019exactitude et l\u2019actualit\u00e9 des donn\u00e9es saisies par les utilisatrices\u00b7x enregistr\u00e9es, ni ne pouvons garantir que les contenus respectent le droit d\u2019auteur.<\/p>\n\n\n\n<h3 class=\"wp-block-heading\" id=\"h-contenus-non-conformes\">Contenus non conformes<\/h3>\n\n\n\n<p>Nous proc\u00e9dons \u00e0 des contr\u00f4les r\u00e9guliers des profils afin de nous assurer qu\u2019ils ne contreviennent pas au droit suisse et qu\u2019ils ne contiennent pas d\u2019images ou d\u2019\u00e9crits pr\u00f4nant la violence ou la discrimination. Le cas \u00e9ch\u00e9ant, nous nous r\u00e9servons de supprimer imm\u00e9diatement les profils non conformes. Nous ne pouvons toutefois pas garantir un contr\u00f4le continu des profils et de leur contenu en l\u2019absence d\u2019indices concrets.<\/p>\n\n\n\n<h2 class=\"wp-block-heading\" id=\"h-politique-en-matiere-de-protection-des-donnees\">Politique en mati\u00e8re de protection des donn\u00e9es<\/h2>\n\n\n\n<h3 class=\"wp-block-heading\" id=\"h-general-1\">G\u00e9n\u00e9ral<\/h3>\n\n\n\n<p><a href=\"https:\/\/helvetiarockt.ch\/fr\/\">Helvetiarockt<\/a> s\u2019engage \u00e0 ne pas communiquer de donn\u00e9es personnelles \u00e0 des tiers, pour autant que cette communication ne soit pas prescrite pour la loi ou n\u00e9cessaire \u00e0 la r\u00e9alisation du but de traitement auquel la personne a donn\u00e9 son accord (voir ci-dessous). Toutes les donn\u00e9es collect\u00e9es par <a href=\"https:\/\/helvetiarockt.ch\/fr\/\" target=\"_blank\" rel=\"noreferrer noopener\">Helvetiarockt<\/a> (formulaires d\u2019inscription, paiements, etc.) sont sauvegard\u00e9es dans une banque de donn\u00e9es interne, elle-m\u00eame h\u00e9berg\u00e9e sur un serveur en Suisse. Toute personne a le droit d\u2019obtenir des informations sur les donn\u00e9es la concernant enregistr\u00e9es aupr\u00e8s de <a href=\"https:\/\/helvetiarockt.ch\/fr\/\" target=\"_blank\" rel=\"noreferrer noopener\">Helvetiarockt<\/a> et sur l\u2019utilisation qui en est faite. Elle a aussi le droit de demander la suppression de toutes les donn\u00e9es la concernant. Font exception les donn\u00e9es que <a href=\"https:\/\/helvetiarockt.ch\/fr\/\" target=\"_blank\" rel=\"noreferrer noopener\">Helvetiarockt<\/a> est tenue de conserver en vertu de la loi, comme les justificatifs de paiement, pour lesquels le code des obligations (CO) pr\u00e9voit une dur\u00e9e de conservation de dix ans.<br>Pour tenir les personnes int\u00e9ress\u00e9es inform\u00e9es de ses activit\u00e9s et communiquer avec elles, <a href=\"https:\/\/helvetiarockt.ch\/fr\/\" target=\"_blank\" rel=\"noreferrer noopener\">Helvetiarockt<\/a> emploie diff\u00e9rents canaux : on mentionnera en particulier le courrier postal (notamment un grand envoi annuel \u00e0 toutes les adresses enregistr\u00e9es), le courrier \u00e9lectronique, la messagerie WhatsApp et le t\u00e9l\u00e9phone.<\/p>\n\n\n\n<h3 class=\"wp-block-heading\" id=\"h-plugins-de-medias-sociaux\">Plugins de m\u00e9dias sociaux<\/h3>\n\n\n\n<p>Notre site utilise des plugins (modules d\u2019extension) d\u2019exploitants de m\u00e9dias sociaux (par ex. feed Instagram). Si tu consultes notre site alors que tu es connect\u00e9\u00b7e \u00e0 une plateforme de m\u00e9dia social, l\u2019exploitant de cette plateforme peut, sur la base des informations auxquelles il a acc\u00e8s, retracer tes habitudes de navigation sur internet. Donc si tu n\u2019es pas en train d\u2019utiliser le m\u00e9dia social, nous te recommandons de t\u2019en d\u00e9connecter avant de consulter le site de Helvetiarockt.<\/p>\n\n\n\n<h3 class=\"wp-block-heading\" id=\"h-boutons-de-partage-reseaux-sociaux\">Boutons de partage \u2013 r\u00e9seaux sociaux<\/h3>\n\n\n\n<p>Contrairement aux boutons de partage sur les r\u00e9seaux sociaux mis en place par les plateformes de r\u00e9seaux sociaux, et dont les informations sont retransmises \u00e0 l\u2019exploitant d\u00e9j\u00e0 au moment du chargement de la page, nous ins\u00e9rons un bouton pour liker \/ tweeter.\nLes donn\u00e9es des usagers ne seront ainsi pas envoy\u00e9es aux plateformes de r\u00e9seaux sociaux sans leur approbation. Ce n&#8217;est que lorsqu&#8217;il active le bouton correspondant (auquel aucun partage n\u2019est directement associ\u00e9), que l&#8217;utilisateur donne son approbation \u00e0 la communication avec Facebook, Google+ et Twitter.<\/p>\n\n\n\n<h3 class=\"wp-block-heading\" id=\"h-google-analytics\">Google Analytics<\/h3>\n\n\n\n<p>\u00ab Ce site utilise Google Analytics, un service d\u2019analyse de sites internet fourni par Google Inc. (\u00ab Google \u00bb). Google Analytics utilise des cookies , qui sont des fichiers texte plac\u00e9s sur votre ordinateur, pour aider le site internet \u00e0 analyser l\u2019utilisation du site par ses utilisateurs. Les donn\u00e9es g\u00e9n\u00e9r\u00e9es par les cookies concernant votre utilisation du site (y compris votre adresse IP) seront transmises et stock\u00e9es par Google sur des serveurs situ\u00e9s aux Etats-Unis. Google utilisera cette information dans le but d\u2019\u00e9valuer votre utilisation du site, de compiler des rapports sur l\u2019activit\u00e9 du site \u00e0 destination de son \u00e9diteur et de fournir d\u2019autres services relatifs \u00e0 l\u2019activit\u00e9 du site et \u00e0 l\u2019utilisation d\u2019internet. Google est susceptible de communiquer ces donn\u00e9es \u00e0 des tiers en cas d\u2019obligation l\u00e9gale ou lorsque ces tiers traitent ces donn\u00e9es pour le compte de Google, y compris notamment l\u2019\u00e9diteur de ce site. Google ne recoupera pas votre adresse IP avec toute autre donn\u00e9e d\u00e9tenue par Google. Vous pouvez d\u00e9sactiver l\u2019utilisation de cookies en s\u00e9lectionnant les param\u00e8tres appropri\u00e9s de votre navigateur. Cependant, une telle d\u00e9sactivation pourrait emp\u00eacher l\u2019utilisation de certaines fonctionnalit\u00e9s de ce site. En utilisant ce site internet, vous consentez express\u00e9ment au traitement de vos donn\u00e9es nominatives par Google dans les conditions et pour les finalit\u00e9s d\u00e9crites ci-dessus. \u00bb<\/p>\n\n\n\n<div style=\"height:100px\" aria-hidden=\"true\" class=\"wp-block-spacer\"><\/div>\n","protected":false},"excerpt":{"rendered":"<p>Impressum Concept &amp; d\u00e9veloppement Nina Regli,&nbsp;Helvetiarockt Design Moana Bischof, Julia Weiss, Nina Regli, Helvetiarockt Traductions Yolanda Gonzalez, Simone De Lorenzi, Valerie Koloszar Contenus G\u00e9n\u00e9ral Tous les contenus publi\u00e9s sur ce site proviennent de Helvetiarockt. Nous nous r\u00e9jouissons de tout partage et de toute utilisation de nos contenus. Merci d\u2019indiquer la source et d\u2019ins\u00e9rer un lien [&hellip;]<\/p>\n","protected":false},"author":6,"featured_media":0,"parent":0,"menu_order":0,"comment_status":"closed","ping_status":"closed","template":"","meta":{"_acf_changed":false,"_relevanssi_hide_post":"","_relevanssi_hide_content":"","_relevanssi_pin_for_all":"","_relevanssi_pin_keywords":"","_relevanssi_unpin_keywords":"","_relevanssi_related_keywords":"","_relevanssi_related_include_ids":"","_relevanssi_related_exclude_ids":"","_relevanssi_related_no_append":"","_relevanssi_related_not_related":"","_relevanssi_related_posts":"2968,5121,4161,4295,2529,4043","_relevanssi_noindex_reason":"","footnotes":""},"class_list":["post-828","page","type-page","status-publish","hentry"],"acf":[],"distributor_meta":false,"distributor_terms":false,"distributor_media":false,"distributor_original_site_name":"musicdirectory.ch","distributor_original_site_url":"https:\/\/musicdirectory.ch\/fr\/","push-errors":false,"_links":{"self":[{"href":"https:\/\/musicdirectory.ch\/fr\/wp-json\/wp\/v2\/pages\/828","targetHints":{"allow":["GET"]}}],"collection":[{"href":"https:\/\/musicdirectory.ch\/fr\/wp-json\/wp\/v2\/pages"}],"about":[{"href":"https:\/\/musicdirectory.ch\/fr\/wp-json\/wp\/v2\/types\/page"}],"author":[{"embeddable":true,"href":"https:\/\/musicdirectory.ch\/fr\/wp-json\/wp\/v2\/users\/6"}],"replies":[{"embeddable":true,"href":"https:\/\/musicdirectory.ch\/fr\/wp-json\/wp\/v2\/comments?post=828"}],"version-history":[{"count":0,"href":"https:\/\/musicdirectory.ch\/fr\/wp-json\/wp\/v2\/pages\/828\/revisions"}],"wp:attachment":[{"href":"https:\/\/musicdirectory.ch\/fr\/wp-json\/wp\/v2\/media?parent=828"}],"curies":[{"name":"wp","href":"https:\/\/api.w.org\/{rel}","templated":true}]}}