{"id":521,"date":"2020-06-18T12:49:32","date_gmt":"2020-06-18T12:49:32","guid":{"rendered":"http:\/\/musicdirectory.ch\/submission\/"},"modified":"2024-10-14T17:45:03","modified_gmt":"2024-10-14T15:45:03","slug":"bienvenue","status":"publish","type":"page","link":"https:\/\/musicdirectory.ch\/fr\/bienvenue\/","title":{"rendered":"Bienvenue"},"content":{"rendered":"\n<h2 class=\"wp-block-heading has-text-align-center\">Tu fais \u00e0 pr\u00e9sent partie de la communaut\u00e9.<\/h2>\n\n\n\n<p class=\"has-large-font-size\">Tu t\u2019es inscrite\u00b7x avec succ\u00e8s sur musicdirectory.ch. Tu recevras sous peu un courriel contenant un lien pour activer ton profil. Regarde aussi tes spams, s&#8217;il te pla\u00eet! Pour toute question, \u00e9cris-nous \u00e0 l\u2019adresse <a href=\"mai&#108;&#116;&#111;&#58;&#x61;&#x64;&#x6d;&#x69;&#x6e;&#x40;&#x6d;usi&#99;&#100;&#105;&#114;&#101;&#x63;&#x74;&#x6f;&#x72;&#x79;&#x2e;ch\">a&#100;&#x6d;&#x69;&#x6e;&#64;&#109;&#x75;&#x73;&#x69;c&#100;&#x69;&#x72;&#x65;c&#116;&#x6f;&#x72;&#x79;&#46;&#99;&#x68;<\/a>.<\/p>\n","protected":false},"excerpt":{"rendered":"<p>Tu fais \u00e0 pr\u00e9sent partie de la communaut\u00e9. Tu t\u2019es inscrite\u00b7x avec succ\u00e8s sur musicdirectory.ch. Tu recevras sous peu un courriel contenant un lien pour activer ton profil. Regarde aussi tes spams, s&#8217;il te pla\u00eet! Pour toute question, \u00e9cris-nous \u00e0 l\u2019adresse adm&#105;&#110;&#64;&#109;&#x75;&#x73;&#x69;&#x63;&#x64;&#x69;&#x72;ect&#111;&#114;&#121;&#46;&#99;&#x68;.<\/p>\n","protected":false},"author":6,"featured_media":0,"parent":0,"menu_order":0,"comment_status":"closed","ping_status":"closed","template":"","meta":{"_acf_changed":false,"_relevanssi_hide_post":"","_relevanssi_hide_content":"","_relevanssi_pin_for_all":"","_relevanssi_pin_keywords":"","_relevanssi_unpin_keywords":"","_relevanssi_related_keywords":"","_relevanssi_related_include_ids":"","_relevanssi_related_exclude_ids":"","_relevanssi_related_no_append":"","_relevanssi_related_not_related":"","_relevanssi_related_posts":"2549,2286,3164,2605,2942,3249","_relevanssi_noindex_reason":"","footnotes":""},"class_list":["post-521","page","type-page","status-publish","hentry"],"acf":[],"distributor_meta":false,"distributor_terms":false,"distributor_media":false,"distributor_original_site_name":"musicdirectory.ch","distributor_original_site_url":"https:\/\/musicdirectory.ch\/fr\/","push-errors":false,"_links":{"self":[{"href":"https:\/\/musicdirectory.ch\/fr\/wp-json\/wp\/v2\/pages\/521","targetHints":{"allow":["GET"]}}],"collection":[{"href":"https:\/\/musicdirectory.ch\/fr\/wp-json\/wp\/v2\/pages"}],"about":[{"href":"https:\/\/musicdirectory.ch\/fr\/wp-json\/wp\/v2\/types\/page"}],"author":[{"embeddable":true,"href":"https:\/\/musicdirectory.ch\/fr\/wp-json\/wp\/v2\/users\/6"}],"replies":[{"embeddable":true,"href":"https:\/\/musicdirectory.ch\/fr\/wp-json\/wp\/v2\/comments?post=521"}],"version-history":[{"count":0,"href":"https:\/\/musicdirectory.ch\/fr\/wp-json\/wp\/v2\/pages\/521\/revisions"}],"wp:attachment":[{"href":"https:\/\/musicdirectory.ch\/fr\/wp-json\/wp\/v2\/media?parent=521"}],"curies":[{"name":"wp","href":"https:\/\/api.w.org\/{rel}","templated":true}]}}