{"id":28412,"date":"2026-05-04T14:37:41","date_gmt":"2026-05-04T12:37:41","guid":{"rendered":"https:\/\/musicdirectory.ch\/tableau-dannonces-de-la-communaute\/"},"modified":"2026-05-04T16:01:39","modified_gmt":"2026-05-04T14:01:39","slug":"tableau-dannonces-de-la-communaute","status":"publish","type":"page","link":"https:\/\/musicdirectory.ch\/fr\/tableau-dannonces-de-la-communaute\/","title":{"rendered":"Tableau d\u2019annonces de la communaut\u00e9"},"content":{"rendered":"\n<h2 class=\"wp-block-heading has-text-align-center has-xlarge-font-size\">Trouve ici ce que tu cherches.<\/h2>\n\n\n\n<p>Le tableau d\u2019annonces est ouvert \u00e0 tout le monde. Tu peux par exemple chercher une personne pour g\u00e9rer une tourn\u00e9e, vendre une guitare, proposer des cours de chant ou des services de photo de concerts.<\/p>\n\n\n\n<p>Si tu vois quelque chose qui ne correspond pas aux <a href=\"https:\/\/musicdirectory.ch\/fr\/impressum\/#r\u00e8gles-de-la-communaut\u00e9\" target=\"_blank\" rel=\"noreferrer noopener\">r\u00e8gles de la communaut\u00e9<\/a>, \u00e9cris \u00e0 <a href=\"m&#97;&#105;&#108;&#x74;&#x6f;&#x3a;ad&#109;&#105;&#x6e;&#x40;&#x6d;&#x75;si&#99;&#100;&#x69;&#x72;&#x65;&#x63;t&#111;&#114;&#121;&#x2e;&#x63;&#x68;\" target=\"_blank\" rel=\"noreferrer noopener\">adm&#105;&#110;&#64;&#109;&#x75;&#x73;&#x69;&#x63;&#x64;&#x69;&#x72;ect&#111;&#114;&#121;&#46;&#99;&#x68;<\/a>.<\/p>\n\n\n\n<div class=\"wp-block-buttons is-content-justification-left is-layout-flex wp-container-core-buttons-is-layout-fc4fd283 wp-block-buttons-is-layout-flex\">\n<div class=\"wp-block-button\"><a class=\"wp-block-button__link has-black-color has-mauve-background-color has-text-color has-background has-link-color wp-element-button\" href=\"https:\/\/musicdirectory.ch\/fr\/poster-une-annonce\/\">Cr\u00e9er ton annonce<\/a><\/div>\n<\/div>\n\n\n\n<div style=\"height:30px\" aria-hidden=\"true\" class=\"wp-block-spacer\"><\/div>\n\n\n\n<div class=\"postTeaser__wrapper\">\n\n  <div class=\"postTeaser__search\">\n    <div class=\"facetwp-facet facetwp-facet-facet_search facetwp-type-search\" data-name=\"facet_search\" data-type=\"search\"><\/div>\n  <\/div>\n\n  <div class=\"postTeaser__filters\">\n\n    <button type=\"button\" name=\"button\" class=\"postTeaser__filtersButton\" aria-expanded=\"false\" aria-controls=\"project_filter\">\n      Filter Inserate\n      <span class=\"postTeaser__filtersButton--iconFilter postTeaser__filtersButton--icon\">\n        <svg xmlns=\"http:\/\/www.w3.org\/2000\/svg\" viewBox=\"0 0 1080 1080\">\n  <g fill=\"#000\" fill-rule=\"nonzero\">\n    <path d=\"M1080 486v108H826.69C804.612 656.625 745.081 702 675 702s-130.08-45.375-152.29-108H0V486h522.71c22.219-62.625 81.609-108 152.29-108s129.61 45.375 151.69 108zM1080 864v108H556.69c-22.078 62.625-81.609 108-151.69 108s-130.08-45.375-152.29-108H0V864h252.71c22.219-62.625 81.609-108 152.29-108s129.61 45.375 151.69 108zM1080 108v108H556.69C534.612 278.625 475.081 324 405 324s-130.08-45.375-152.29-108H0V108h252.71C274.929 45.375 334.319 0 405 0s129.61 45.375 151.69 108z\"\/>\n  <\/g>\n<\/svg>      <\/span>\n      <span class=\"postTeaser__filtersButton--iconClose postTeaser__filtersButton--icon \">\n        <svg xmlns=\"http:\/\/www.w3.org\/2000\/svg\" viewBox=\"0 0 4603 4603\" fill-rule=\"evenodd\" clip-rule=\"evenodd\" shape-rendering=\"geometricPrecision\" text-rendering=\"geometricPrecision\" image-rendering=\"optimizeQuality\">\n  <path fill-rule=\"nonzero\" d=\"M0 3757l1455-1456L0 846 846 0l1455 1455L3757 0l846 846-1455 1455 1455 1456-846 846-1456-1455L846 4603z\"\/>\n<\/svg>      <\/span>\n    <\/button>\n\n    <div class=\"postTeaser__filtersContent\" id=\"project_filter\">\n      \n      <div class=\"postTeaser__filtersItems\">\n\n        \n\n        \n                      <div class=\"facetwp-facet facetwp-facet-post_category facetwp-type-checkboxes\" data-name=\"post_category\" data-type=\"checkboxes\"><\/div>\n          \n          \n                    \n        \n          \n                      <div class=\"facetwp-facet facetwp-facet-post_level facetwp-type-checkboxes\" data-name=\"post_level\" data-type=\"checkboxes\"><\/div>\n          \n                    \n        \n          \n          \n                      <div class=\"facetwp-facet facetwp-facet-post_distance facetwp-type-proximity\" data-name=\"post_distance\" data-type=\"proximity\"><\/div>\n                    \n              <\/div>\n\n\n      <button type=\"button\" name=\"button\" class=\"postTeaser__filtersResultButton\" aria-expanded=\"true\" aria-controls=\"project_filter\">\n        <div class=\"facetwp-facet facetwp-facet-post_count facetwp-type-pager\" data-name=\"post_count\" data-type=\"pager\"><\/div>\n      \n        <span class=\"postTeaser__filtersButton--iconClose postTeaser__filtersButton--icon \">\n          <svg xmlns=\"http:\/\/www.w3.org\/2000\/svg\" viewBox=\"0 0 4603 4603\" fill-rule=\"evenodd\" clip-rule=\"evenodd\" shape-rendering=\"geometricPrecision\" text-rendering=\"geometricPrecision\" image-rendering=\"optimizeQuality\">\n  <path fill-rule=\"nonzero\" d=\"M0 3757l1455-1456L0 846 846 0l1455 1455L3757 0l846 846-1455 1455 1455 1456-846 846-1456-1455L846 4603z\"\/>\n<\/svg>        <\/span>\n      <\/button>\n    <\/div>\n\n  <\/div>\n\n  <div class=\"facetwp-template postTeaser__itemsWrapper\">\n                  <div class=\"search-no-results\">\n  <h2 class=\"search-no-results__title\"><span class=\"search-no-results__titleText\"> Aucun r\u00e9sultat pour cette recherche <\/span> <div class=\"facetwp-selections\"><\/div><\/h2>\n\n  <h3 class=\"search-no-results__tipps\">Conseils pour la recherche\u00a0: <\/h3>\n  <ul class=\"search-no-results__list\">\n    <li class=\"search-no-results__listItem\">Assure-toi d\u2019avoir \u00e9crit tous les termes correctement<\/li>\n    <li class=\"search-no-results__listItem\">Indique un autre crit\u00e8re de recherche<\/li>\n    <li class=\"search-no-results__listItem\">Indique un crit\u00e8re de recherche plus g\u00e9n\u00e9ral<\/li>\n  <\/ul>\n<\/div>\n                  \n              <\/div>\n\n    \n\n  <\/div>\n<\/div>\n\n\n<p>Tu ne trouves pas ce que tu cherches ? Cr\u00e9e ton annonce ici, c\u2019est simple !<\/p>\n\n\n\n<div class=\"wp-block-buttons is-layout-flex wp-block-buttons-is-layout-flex\">\n<div class=\"wp-block-button\"><a class=\"wp-block-button__link has-black-color has-mauve-background-color has-text-color has-background has-link-color wp-element-button\" href=\"https:\/\/musicdirectory.ch\/inserat-erstellen\/\">Cr\u00e9er ton annonce<\/a><\/div>\n<\/div>\n\n\n\n<div style=\"height:50px\" aria-hidden=\"true\" class=\"wp-block-spacer\"><\/div>\n","protected":false},"excerpt":{"rendered":"<p>Trouve ici ce que tu cherches. Le tableau d\u2019annonces est ouvert \u00e0 tout le monde. Tu peux par exemple chercher une personne pour g\u00e9rer une tourn\u00e9e, vendre une guitare, proposer des cours de chant ou des services de photo de concerts. Si tu vois quelque chose qui ne correspond pas aux r\u00e8gles de la communaut\u00e9, [&hellip;]<\/p>\n","protected":false},"author":1,"featured_media":0,"parent":0,"menu_order":0,"comment_status":"closed","ping_status":"closed","template":"","meta":{"_acf_changed":false,"_relevanssi_hide_post":"","_relevanssi_hide_content":"","_relevanssi_pin_for_all":"","_relevanssi_pin_keywords":"","_relevanssi_unpin_keywords":"","_relevanssi_related_keywords":"","_relevanssi_related_include_ids":"","_relevanssi_related_exclude_ids":"","_relevanssi_related_no_append":"","_relevanssi_related_not_related":"","_relevanssi_related_posts":"2258,1836,5809,2615,2125,6808","_relevanssi_noindex_reason":"","footnotes":""},"class_list":["post-28412","page","type-page","status-publish","hentry"],"acf":[],"distributor_meta":false,"distributor_terms":false,"distributor_media":false,"distributor_original_site_name":"musicdirectory.ch","distributor_original_site_url":"https:\/\/musicdirectory.ch\/fr\/","push-errors":false,"_links":{"self":[{"href":"https:\/\/musicdirectory.ch\/fr\/wp-json\/wp\/v2\/pages\/28412","targetHints":{"allow":["GET"]}}],"collection":[{"href":"https:\/\/musicdirectory.ch\/fr\/wp-json\/wp\/v2\/pages"}],"about":[{"href":"https:\/\/musicdirectory.ch\/fr\/wp-json\/wp\/v2\/types\/page"}],"author":[{"embeddable":true,"href":"https:\/\/musicdirectory.ch\/fr\/wp-json\/wp\/v2\/users\/1"}],"replies":[{"embeddable":true,"href":"https:\/\/musicdirectory.ch\/fr\/wp-json\/wp\/v2\/comments?post=28412"}],"version-history":[{"count":5,"href":"https:\/\/musicdirectory.ch\/fr\/wp-json\/wp\/v2\/pages\/28412\/revisions"}],"predecessor-version":[{"id":28477,"href":"https:\/\/musicdirectory.ch\/fr\/wp-json\/wp\/v2\/pages\/28412\/revisions\/28477"}],"wp:attachment":[{"href":"https:\/\/musicdirectory.ch\/fr\/wp-json\/wp\/v2\/media?parent=28412"}],"curies":[{"name":"wp","href":"https:\/\/api.w.org\/{rel}","templated":true}]}}