{"id":28369,"date":"2026-04-29T13:38:25","date_gmt":"2026-04-29T11:38:25","guid":{"rendered":"https:\/\/musicdirectory.ch\/poster-une-annonce\/"},"modified":"2026-04-29T13:38:26","modified_gmt":"2026-04-29T11:38:26","slug":"poster-une-annonce","status":"publish","type":"page","link":"https:\/\/musicdirectory.ch\/fr\/poster-une-annonce\/","title":{"rendered":"Poster une annonce"},"content":{"rendered":"\n<h2 class=\"wp-block-heading has-text-align-center has-xlarge-font-size\">Tu as une annonce qui pourrait int\u00e9resser notre communaut\u00e9 : r\u00e9dige-la ici !<\/h2>\n<div class=\"createPost\">\n\n  \n    <div class=\"createPost__notLoggedIn\">\n\n      <p class=\"createPost__text\"> \n          Du musst eingeloggt sein, um ein Community Inserat zu erstellen\n      <\/p>\n\n      <div class=\"authPost\">\n        <div class=\"authPost__headerLinks\">\n          <a href=\"https:\/\/musicdirectory.ch\/login-to-the-community-board\/\" class=\"authPost__headerActive\"> Connexion<\/a>\n          <a href=\"https:\/\/musicdirectory.ch\/register-for-community-board\/\" class=\"authPost__headerLink\"> Inscription<\/a>\n        <\/div>\n      <\/div>\n\n    <\/div>\n\n  \n  \n<\/div>","protected":false},"excerpt":{"rendered":"<p>Tu as une annonce qui pourrait int\u00e9resser notre communaut\u00e9 : r\u00e9dige-la ici !<\/p>\n","protected":false},"author":1,"featured_media":0,"parent":0,"menu_order":0,"comment_status":"closed","ping_status":"closed","template":"","meta":{"_acf_changed":false,"_relevanssi_hide_post":"","_relevanssi_hide_content":"","_relevanssi_pin_for_all":"","_relevanssi_pin_keywords":"","_relevanssi_unpin_keywords":"","_relevanssi_related_keywords":"","_relevanssi_related_include_ids":"","_relevanssi_related_exclude_ids":"","_relevanssi_related_no_append":"","_relevanssi_related_not_related":"","_relevanssi_related_posts":"","_relevanssi_noindex_reason":"","footnotes":""},"class_list":["post-28369","page","type-page","status-publish","hentry"],"acf":[],"distributor_meta":false,"distributor_terms":false,"distributor_media":false,"distributor_original_site_name":"musicdirectory.ch","distributor_original_site_url":"https:\/\/musicdirectory.ch\/fr\/","push-errors":false,"_links":{"self":[{"href":"https:\/\/musicdirectory.ch\/fr\/wp-json\/wp\/v2\/pages\/28369","targetHints":{"allow":["GET"]}}],"collection":[{"href":"https:\/\/musicdirectory.ch\/fr\/wp-json\/wp\/v2\/pages"}],"about":[{"href":"https:\/\/musicdirectory.ch\/fr\/wp-json\/wp\/v2\/types\/page"}],"author":[{"embeddable":true,"href":"https:\/\/musicdirectory.ch\/fr\/wp-json\/wp\/v2\/users\/1"}],"replies":[{"embeddable":true,"href":"https:\/\/musicdirectory.ch\/fr\/wp-json\/wp\/v2\/comments?post=28369"}],"version-history":[{"count":1,"href":"https:\/\/musicdirectory.ch\/fr\/wp-json\/wp\/v2\/pages\/28369\/revisions"}],"predecessor-version":[{"id":28370,"href":"https:\/\/musicdirectory.ch\/fr\/wp-json\/wp\/v2\/pages\/28369\/revisions\/28370"}],"wp:attachment":[{"href":"https:\/\/musicdirectory.ch\/fr\/wp-json\/wp\/v2\/media?parent=28369"}],"curies":[{"name":"wp","href":"https:\/\/api.w.org\/{rel}","templated":true}]}}