{"id":1785,"date":"2020-10-16T09:34:46","date_gmt":"2020-10-16T09:34:46","guid":{"rendered":"http:\/\/musicdirectory.ch\/presse\/"},"modified":"2024-11-20T15:10:05","modified_gmt":"2024-11-20T14:10:05","slug":"press","status":"publish","type":"page","link":"https:\/\/musicdirectory.ch\/de\/press\/","title":{"rendered":"Press"},"content":{"rendered":"\n<h2 class=\"wp-block-heading\" id=\"h-music-directory-portrait-3-avec-carole-martin\"><\/h2>\n\n\n\n<h2 class=\"wp-block-heading\" id=\"h-music-directory-portrait-3-avec-carole-martin\">\u00abDie Musikbranche h\u00f6rt sie alle\u00bb Papiertragtasche zum 15. Jubil\u00e4um von Helvetiarockt<\/h2>\n\n\n\n<p><a href=\"http:\/\/Musicdirectory.ch und Helvetiarockt im Migros Magazin Z\u00fcrich, 4. November 2024\" target=\"_blank\" rel=\"noreferrer noopener\">Migros Magazin Z\u00fcrich, 04.11.2024<\/a><\/p>\n\n\n\n<h2 class=\"wp-block-heading\" id=\"h-music-directory-portrait-3-avec-carole-martin\">Music Directory: Portrait #3 avec Carole Martin<\/h2>\n\n\n\n<p><a href=\"https:\/\/radiovostok.ch\/music-directory-portrait-3-avec-carole-martin\/\" target=\"_blank\" rel=\"noreferrer noopener\">Radio Vostok, La Quotidienne, 17.11.2020<\/a><\/p>\n\n\n\n<h2 class=\"wp-block-heading\" id=\"h-wo-die-junge-dj-ihre-mentorin-findet\">Wo die junge DJ ihre Mentorin findet<\/h2>\n\n\n\n<p><a href=\"https:\/\/www.bernerzeitung.ch\/wo-die-junge-dj-ihre-mentorin-findet-357233885641\" target=\"_blank\" rel=\"noreferrer noopener\">Berner Zeitung, 17.11.2020<\/a><\/p>\n\n\n\n<h2 class=\"wp-block-heading\" id=\"h-wir-wollen-vorbilder-sichtbar-machen\">\u00abWir wollen Vorbilder sichtbar machen\u00bb<\/h2>\n\n\n\n<p><a href=\"https:\/\/bka.ch\/artikel\/sounds\/wir-wollen-vorbilder-sichtbar-machen\" target=\"_blank\" rel=\"noreferrer noopener\">BKA, 16.11.2020<\/a><\/p>\n\n\n\n<h2 class=\"wp-block-heading\" id=\"h-music-directory-auf-gutem-kurs\">Music Directory auf gutem Kurs<\/h2>\n\n\n\n<p><a href=\"https:\/\/rabe.ch\/2020\/11\/16\/metoo-in-der-schweiz\/\" target=\"_blank\" rel=\"noreferrer noopener\">Radio Rabe, Rabe Info, 16.11.2020<\/a><\/p>\n\n\n\n<h2 class=\"wp-block-heading\" id=\"h-neue-plattform-von-helvetiarockt\">Neue Plattform von Helvetiarockt<\/h2>\n\n\n\n<p><a href=\"https:\/\/www.radiofr.ch\/freiburg\/musik\/naeb-de-spur\/12112020-audiovisuelle-zwischenwelten-die-neue-plattform-von-helvetiarockt.html\" target=\"_blank\" rel=\"noreferrer noopener\">Radio Freiburg, N\u00e4b de Spur, 13.11.2020<\/a><\/p>\n\n\n\n<h2 class=\"wp-block-heading\" id=\"h-lichttechnikerin-in-glarus-gesucht\">Lichttechnikerin in Glarus gesucht<\/h2>\n\n\n\n<p><a href=\"https:\/\/www.woz.ch\/2046\/music-directory\/lichttechnikerin-in-glarus-gesucht\" target=\"_blank\" rel=\"noreferrer noopener\">WOZ &#8211; Die Wochenzeitung, 12.11.2020<\/a><\/p>\n\n\n\n<h2 class=\"wp-block-heading\" id=\"h-music-directory-un-annuaire-pour-promouvoir-l-galit\">Music Directory, un annuaire pour promouvoir l&#8217;\u00e9galit\u00e9<\/h2>\n\n\n\n<p><a rel=\"noreferrer noopener\" href=\"https:\/\/www.rts.ch\/play\/radio\/lecho-des-pavanes\/audio\/music-directory-un-annuaire-pour-promouvoir-legalite?id=11718785\" target=\"_blank\">RTS 2, L&#8217;\u00e9cho des pavanes, 10.11.2020 23:00<\/a><\/p>\n\n\n\n<h2 class=\"wp-block-heading\" id=\"h-female-first-swiss-music-directory-launches\">Female-First Swiss Music Directory launches<\/h2>\n\n\n\n<p><a href=\"https:\/\/www.iq-mag.net\/2020\/11\/female-first-swiss-music-directory-launches\/#.X6rNGynGLYU\" target=\"_blank\" rel=\"noreferrer noopener\">IQ Magazine, 10.11.2020<\/a><\/p>\n\n\n\n<h2 class=\"wp-block-heading\" id=\"h-music-directory-portrait-2-avec-aurelia-jaquier\">Music Directory: Portrait #2 avec Aurelia Jaquier<\/h2>\n\n\n\n<p><a href=\"https:\/\/radiovostok.ch\/music-directory-portrait-2-avec-aurelia-jaquier\/\" target=\"_blank\" rel=\"noreferrer noopener\">Radio Vostok, La Quotidienne, 20.10.2020<\/a><\/p>\n\n\n\n<h2 class=\"wp-block-heading\" id=\"h-plus-de-justice-dans-l-univers-de-la-musique\">Plus de justice dans l\u2019univers de la musique<\/h2>\n\n\n\n<p><a href=\"https:\/\/www.rts.ch\/play\/tv\/emission\/la-puce-a-loreille?id=3044420\" target=\"_blank\" rel=\"noreferrer noopener\">RTS, La Puce \u00e0 l&#8217;Oreille, 05.11.2020<\/a> (ab <\/p>\n\n\n\n<h2 class=\"wp-block-heading\" id=\"h-msoke-transphobie-ist-in-der-szene-die-traurige-realit-t\">MSOKE: \u00abTransphobie ist in der Szene die traurige Realit\u00e4t\u00bb<\/h2>\n\n\n\n<p><a href=\"https:\/\/www.annabelle.ch\/leben\/gesellschaft\/\u00abtransphobie-ist-szene-traurige-realit\u00e4t\u00bb-50846?fbclid=IwAR00SUbjy4jBX1uOyW-rxTXk4JVxcZdfHyjZl5E1O5TF7H8bRxIi6j4MP24\" target=\"_blank\" rel=\"noreferrer noopener\">annabelle, 05.11.2020<\/a><\/p>\n\n\n\n<h2 class=\"wp-block-heading\" id=\"h-music-directory-portrait-1-avec-fl-che-love\">Music Directory: Portrait #1 avec Fl\u00e8che Love<\/h2>\n\n\n\n<p><a href=\"https:\/\/radiovostok.ch\/music-directory-portrait-1-avec-fleche-love\/\" target=\"_blank\" rel=\"noreferrer noopener\">Radio Vostok, La Quotidienne, 03.11.2020<\/a><\/p>\n\n\n\n<h2 class=\"wp-block-heading\" id=\"h-anna-murphy-in-meiner-karriere-pushten-mich-vor-allem-m-nner\">Anna Murphy: \u00abIn meiner Karriere pushten mich vor allem M\u00e4nner\u00bb <\/h2>\n\n\n\n<p><a href=\"https:\/\/www.zentralplus.ch\/anna-murphy-in-meiner-karriere-haben-mich-insbesondere-manner-gepusht-1925055\/?fbclid=IwAR3P2UudkumlHam1Y5uMYhDzuLJB9DnvgJCiLYPOOBN46nNdJRQizI-2_dA\" target=\"_blank\" rel=\"noreferrer noopener\">zentral+, 31.10.2020<\/a><\/p>\n\n\n\n<h2 class=\"wp-block-heading\" id=\"h-die-frauen-in-der-schweizer-musikbranche-organisieren-sich\">Die Frauen in der Schweizer Musikbranche organisieren sich<\/h2>\n\n\n\n<p><a href=\"https:\/\/www.20min.ch\/story\/die-frauen-in-der-schweizer-musikbranche-organisieren-sich-402167190904\" target=\"_blank\" rel=\"noreferrer noopener\">20 Minuten, 28.10.2020<\/a><\/p>\n\n\n\n<h2 class=\"wp-block-heading\" id=\"h-musicdirectory-nouvelle-plateforme-pour-les-femmes\">Musicdirectory: Nouvelle plateforme pour les femmes<\/h2>\n\n\n\n<p><a href=\"https:\/\/latele.ch\/emissions\/radar-vaudois\/radar-vaudois-s-2020-e-165\" target=\"_blank\" rel=\"noreferrer noopener\">La Tele, 23.10.2020<\/a><\/p>\n\n\n\n<h2 class=\"wp-block-heading\" id=\"h-music-directory-une-plateforme-pour-promouvoir-l-galite-dans-la-musique\">Music Directory, une plateforme pour promouvoir l&#8217;\u00e9galite dans la musique<\/h2>\n\n\n\n<p><a href=\"https:\/\/www.rts.ch\/info\/culture\/musiques\/11697340-music-directory-une-plateforme-pour-promouvoir-legalite-dans-la-musique.html\" target=\"_blank\" rel=\"noreferrer noopener\">RTS Culture, 23.10.2020<\/a><\/p>\n\n\n\n<h2 class=\"wp-block-heading\" id=\"h-music-directory-place-aux-femmes\">Music Directory: place aux femmes*<\/h2>\n\n\n\n<p><a href=\"https:\/\/epic-magazine.ch\/music-directory-place-aux-femmes\/\" target=\"_blank\" rel=\"noreferrer noopener\">Epic Magazine, 23.10.2020<\/a><\/p>\n\n\n\n<h2 class=\"wp-block-heading\" id=\"h-une-plateforme-pr-ne-l-galit-dans-la-musique\">Une plateforme pr\u00f4ne l&#8217;\u00e9galit\u00e9 dans la musique<\/h2>\n\n\n\n<p><a href=\"https:\/\/www.rts.ch\/play\/radio\/vertigo\/audio\/une-plateforme-prone-legalite-dans-la-musique?id=11660429\" target=\"_blank\" rel=\"noreferrer noopener\">RTS 1, Vertigo, 22.10.2020<\/a><\/p>\n\n\n\n<h2 class=\"wp-block-heading\" id=\"h-platform-launched-to-promote-women-in-music-industry\">Platform launched to promote women in music industry<\/h2>\n\n\n\n<p><a href=\"https:\/\/www.laliberte.ch\/news-agence\/detail\/helevetiarockt-lance-une-plateforme-pour-promouvoir-les-femmes\/581590\" target=\"_blank\" rel=\"noreferrer noopener\">swissinfo.ch, 22.20.2020<\/a><\/p>\n\n\n\n<h2 class=\"wp-block-heading\" id=\"h-helvetiarockt-lance-une-plateforme-pour-promouvoir-les-femmes\">Helvetiarockt lance une plateforme pour promouvoir les femmes<\/h2>\n\n\n\n<p><a href=\"https:\/\/www.laliberte.ch\/news-agence\/detail\/helevetiarockt-lance-une-plateforme-pour-promouvoir-les-femmes\/581590\" target=\"_blank\" rel=\"noreferrer noopener\">La Libert\u00e9, 22.10.2020<\/a><\/p>\n\n\n\n<h2 class=\"wp-block-heading\" id=\"h-un-outil-web-pour-faire-sauter-le-plafond-de-verre-dans-la-musique\">Un outil web pour faire sauter le plafond de verre dans la musique<\/h2>\n\n\n\n<p><a href=\"https:\/\/www.lacote.ch\/articles\/regions\/district-de-nyon\/un-outil-web-pour-faire-sauter-le-plafond-de-verre-dans-la-musique-993887\" target=\"_blank\" rel=\"noreferrer noopener\">La C\u00f4te, 22.10.2020<\/a><\/p>\n\n\n\n<h2 class=\"wp-block-heading\" id=\"h-eine-neue-musikplattform-f-r-die-gleichstellung-aber-nicht-f-r-alle\">Eine neue Musikplattform f\u00fcr die Gleichstellung &#8211; aber nicht f\u00fcr alle<\/h2>\n\n\n\n<p><a rel=\"noreferrer noopener\" href=\"https:\/\/www.luzernerzeitung.ch\/newsticker\/kultur\/eine-neue-musikplattform-fuer-die-gleichstellung-aber-nicht-fuer-alle-ld.1270580\" target=\"_blank\">Luzerner Zeitung \/ St. Galler Tagblatt \/ Berner Zeitun<\/a><a rel=\"noreferrer noopener\" href=\"https:\/\/www.luzernerzeitung.ch\/newsticker\/kultur\/eine-neue-musikplattform-fuer-die-gleichstellung-aber-nicht-fuer-alle-ld.1270580\" target=\"_blank\">g<\/a><a rel=\"noreferrer noopener\" href=\"https:\/\/www.luzernerzeitung.ch\/newsticker\/kultur\/eine-neue-musikplattform-fuer-die-gleichstellung-aber-nicht-fuer-alle-ld.1270580\" target=\"_blank\">, 22.10.2020<\/a><\/p>\n\n\n\n<h2 class=\"wp-block-heading\" id=\"h-music-directory-l-annuaire-pour-une-industrie-musicale-galitaire\">Music Directory, l&#8217;annuaire pour une industrie musicale \u00e9galitaire<\/h2>\n\n\n\n<p><a rel=\"noreferrer noopener\" href=\"https:\/\/www.letemps.ch\/culture\/music-directory-lannuaire-une-industrie-musicale-egalitaire\" target=\"_blank\">Le Temps, 21.10.2020<\/a> (english translation by <a href=\"https:\/\/alkhaleejtoday.co\/international\/5159438\/Music-Directory-the-directory-for-an-egalitarian-music-industry.html\" target=\"_blank\" rel=\"noreferrer noopener\">Al Khaleej Today, 22.10.2020<\/a>)<\/p>\n\n\n\n<h2 class=\"wp-block-heading\" id=\"h-helvetiarockt-lanciert-die-musikplattform-music-directory\">Helvetiarockt lanciert die Musikplattform \u00abMusic Directory\u00bb<\/h2>\n\n\n\n<p><a href=\"https:\/\/www.srf.ch\/audio\/srf-3-punkt-ch\/helvetiarockt-lanciert-die-musikplattform-music-directory?id=11861947\" target=\"_blank\" rel=\"noreferrer noopener\">SRF 3, punkt CH, 21.10.2020<\/a><\/p>\n\n\n\n<h2 class=\"wp-block-heading\" id=\"h-beitrag-helvetiarockt-musicdirectory-ch\">Beitrag: Helvetiarockt &#8211; musicdirectory.ch<\/h2>\n\n\n\n<p><a rel=\"noreferrer noopener\" href=\"https:\/\/www.srf.ch\/play\/tv\/tagesschau\/video\/tagesschau-vom-21-10-2020-hauptausgabe?urn=urn:srf:video:166d2b68-e593-41a3-8391-61cae230eda3\" target=\"_blank\">SRF 1, Tagesschau Hauptausgabe, 21.10.2020<\/a><\/p>\n\n\n\n<h2 class=\"wp-block-heading\" id=\"h-plattform-von-helvetiarockt-vernetzt-frauen-und-queere\">Plattform von Helvetiarockt vernetzt Frauen und Queere<\/h2>\n\n\n\n<p><a href=\"https:\/\/3fach.ch\/programm\/stooszyt\/plattform-von-helvetiarockt-vernetzt-frauen-und-queere\" target=\"_blank\" rel=\"noreferrer noopener\">Radio 3fach, Stooszyt, 20.10.2020<\/a><\/p>\n\n\n\n<h2 class=\"wp-block-heading\" id=\"h-eine-plattform-f-r-geschlechter-vielfalt-in-der-musikbranche\">Eine Plattform f\u00fcr Geschlechter-Vielfalt in der Musikbranche<\/h2>\n\n\n\n<p><a href=\"https:\/\/www.pilatustoday.ch\/zentralschweiz\/eine-plattform-fuer-geschlechter-vielfalt-in-der-musikbranche-139546296\" target=\"_blank\" rel=\"noreferrer noopener\">Pilatus Today, 20.10.2020<\/a><\/p>\n\n\n\n<h2 class=\"wp-block-heading\" id=\"h-merk-dir-bei-uns-stehen-nur-schn-bis-auf-der-b-hne-schweizer-musikerinnen-erz-hlen\">\u00abMerk dir: Bei uns stehen nur Schn\u00e4bis auf der B\u00fchne\u00bb &#8211; Schweizer Musikerinnen erz\u00e4hlen<\/h2>\n\n\n\n<p><a href=\"https:\/\/www.watson.ch\/leben\/schweiz\/366965385-sexismus-im-schweizer-musikbusiness-drei-junge-frauen-erzaehlen\" target=\"_blank\" rel=\"noreferrer noopener\">Watson, 20.10.2020<\/a><\/p>\n\n\n\n<h2 class=\"wp-block-heading\" id=\"h-helvetiarockt-lance-une-nouvelle-plateforme\">Helvetiarockt lance une nouvelle plateforme<\/h2>\n\n\n\n<p><a href=\"https:\/\/radiovostok.ch\/helvetiarockt-lance-une-nouvelle-plateforme\/\" target=\"_blank\" rel=\"noreferrer noopener\">Radio Vostok, La Quotidienne, 20.10.2020<\/a><\/p>\n\n\n\n<h2 class=\"wp-block-heading\" id=\"h-l-invit-e-du-12h30-elodie-romain-pr-sente-la-plateforme-inclusive-musicdirectory-ch\">L&#8217;invit\u00e9e du 12h30: Elodie Romain pr\u00e9sente la plateforme inclusive musicdirectory.ch<\/h2>\n\n\n\n<p><a rel=\"noreferrer noopener\" href=\"https:\/\/www.rts.ch\/play\/radio\/le-12h30\/audio\/linvitee-du-12h30-elodie-romain-presente-la-plateforme-inclusive-musicdirectory-ch?id=11670299\" target=\"_blank\">RTS<\/a><a rel=\"noreferrer noopener\" href=\"https:\/\/www.rts.ch\/play\/radio\/le-12h30\/audio\/linvitee-du-12h30-elodie-romain-presente-la-plateforme-inclusive-musicdirectory-ch?id=11670299\" target=\"_blank\">,<\/a><a rel=\"noreferrer noopener\" href=\"https:\/\/www.rts.ch\/play\/radio\/le-12h30\/audio\/linvitee-du-12h30-elodie-romain-presente-la-plateforme-inclusive-musicdirectory-ch?id=11670299\" target=\"_blank\"> Le 12h30, 19.10.2020<\/a><\/p>\n\n\n\n<h2 class=\"wp-block-heading\" id=\"h-endlich-raus-ins-rampenlicht\">\u00abEndlich raus ins Rampenlicht\u00bb<\/h2>\n\n\n\n<p><a href=\"https:\/\/www.migros.ch\/de\/Magazin\/2020\/helvetiarockt.html\" target=\"_blank\" rel=\"noreferrer noopener\">Migros Magazin, 19.10.2020<\/a><\/p>\n\n\n\n<h2 class=\"wp-block-heading\">Feminismus-Kolumne: \u00abMansplaining\u00bb in der Musikbranche<\/h2>\n\n\n\n<p><a rel=\"noreferrer noopener\" href=\"https:\/\/tsri.ch\/zh\/feminismus-kolumne-mansplaining-in-der-musikbranche\/\" target=\"_blank\">tsri.ch, 17.10.2020<\/a><\/p>\n\n\n\n<h2 class=\"wp-block-heading\" id=\"h-hauptsache-am-schluss-des-abends-sind-alle-zufrieden\">\u00abHauptsache, am Schluss des Abends sind alle zufrieden!\u00bb<\/h2>\n\n\n\n<p><a href=\"https:\/\/www.null41.ch\/blog\/hauptsache-am-schluss-des-abends-sind-alle-zufrieden\" target=\"_blank\" rel=\"noreferrer noopener\">041  \u2013 Das Kulturmagazin, 29.09.2020<\/a><\/p>\n\n\n\n<h2 class=\"wp-block-heading\" id=\"h-wieso-so-wenige-frauen-auf-der-b-hne-stehen\">\u00abWieso so wenige Frauen auf der B\u00fchne stehen\u00bb<\/h2>\n\n\n\n<p><a rel=\"noreferrer noopener\" href=\"https:\/\/www.derbund.ch\/kultur\/ist-musikmachen-bubenzeugs\/story\/28350680?fbclid=IwAR38FfjK8HTXAPgFcCQfmRTF6gOGYx3LeNwXuqN72BbgpmwZO5XDkEsxwxo\" target=\"_blank\">Der Bund \/ Tagesanzeiger, 22.10.2019<\/a><\/p>\n\n\n\n<div style=\"height:100px\" aria-hidden=\"true\" class=\"wp-block-spacer\"><\/div>\n","protected":false},"excerpt":{"rendered":"<p>\u00abDie Musikbranche h\u00f6rt sie alle\u00bb Papiertragtasche zum 15. Jubil\u00e4um von Helvetiarockt Migros Magazin Z\u00fcrich, 04.11.2024 Music Directory: Portrait #3 avec Carole Martin Radio Vostok, La Quotidienne, 17.11.2020 Wo die junge DJ ihre Mentorin findet Berner Zeitung, 17.11.2020 \u00abWir wollen Vorbilder sichtbar machen\u00bb BKA, 16.11.2020 Music Directory auf gutem Kurs Radio Rabe, Rabe Info, 16.11.2020 Neue [&hellip;]<\/p>\n","protected":false},"author":6,"featured_media":0,"parent":0,"menu_order":0,"comment_status":"closed","ping_status":"closed","template":"","meta":{"_acf_changed":false,"_relevanssi_hide_post":"","_relevanssi_hide_content":"","_relevanssi_pin_for_all":"","_relevanssi_pin_keywords":"","_relevanssi_unpin_keywords":"","_relevanssi_related_keywords":"","_relevanssi_related_include_ids":"","_relevanssi_related_exclude_ids":"","_relevanssi_related_no_append":"","_relevanssi_related_not_related":"","_relevanssi_related_posts":"4628,3042,4441,1635,2666,3973","_relevanssi_noindex_reason":"","footnotes":""},"class_list":["post-1785","page","type-page","status-publish","hentry"],"acf":[],"distributor_meta":false,"distributor_terms":false,"distributor_media":false,"distributor_original_site_name":"musicdirectory.ch","distributor_original_site_url":"https:\/\/musicdirectory.ch\/de\/","push-errors":false,"_links":{"self":[{"href":"https:\/\/musicdirectory.ch\/de\/wp-json\/wp\/v2\/pages\/1785","targetHints":{"allow":["GET"]}}],"collection":[{"href":"https:\/\/musicdirectory.ch\/de\/wp-json\/wp\/v2\/pages"}],"about":[{"href":"https:\/\/musicdirectory.ch\/de\/wp-json\/wp\/v2\/types\/page"}],"author":[{"embeddable":true,"href":"https:\/\/musicdirectory.ch\/de\/wp-json\/wp\/v2\/users\/6"}],"replies":[{"embeddable":true,"href":"https:\/\/musicdirectory.ch\/de\/wp-json\/wp\/v2\/comments?post=1785"}],"version-history":[{"count":0,"href":"https:\/\/musicdirectory.ch\/de\/wp-json\/wp\/v2\/pages\/1785\/revisions"}],"wp:attachment":[{"href":"https:\/\/musicdirectory.ch\/de\/wp-json\/wp\/v2\/media?parent=1785"}],"curies":[{"name":"wp","href":"https:\/\/api.w.org\/{rel}","templated":true}]}}